{"id":16378,"date":"2018-02-12T10:12:59","date_gmt":"2018-02-12T10:12:59","guid":{"rendered":"http:\/\/advokattorgersen.no\/?page_id=16378"},"modified":"2018-02-12T14:34:33","modified_gmt":"2018-02-12T14:34:33","slug":"nav","status":"publish","type":"page","link":"http:\/\/advokattorgersen.no\/pl\/nav\/","title":{"rendered":"NAV"},"content":{"rendered":"<div      class=\"vc_row wpb_row section vc_row-fluid\" style=' text-align:left;'><div class=\"full_section_inner clearfix\"><div class=\"wpb_column vc_column_container vc_col-sm-6\"><div class=\"vc_column-inner\"><div class=\"wpb_wrapper\"><div class='q_list circle'><\/p>\n<ul>\n<li><a href=\"http:\/\/advokattorgersen.no\/pl\/sykepenger\/\">Zasi\u0142ek chorobowy<\/a><\/li>\n<li><a href=\"http:\/\/advokattorgersen.no\/pl\/arbeidsavklaringspenger\/\">Zasi\u0142ek z tytu\u0142u oceny pracy<\/a><\/li>\n<li><a href=\"http:\/\/advokattorgersen.no\/pl\/uforetrygd\/\">Renta inwalidzka<\/a><\/li>\n<li><a href=\"http:\/\/advokattorgersen.no\/pl\/godkjenning-av-yrkesskade-hos-nav\/\">Uznanie wypadku przy pracy przez NAV<\/a><\/li>\n<li><a href=\"http:\/\/advokattorgersen.no\/pl\/menerstatning\/\">Odszkodowanie za trwa\u0142y uszczerbek na zdrowiu<\/a><\/li>\n<li><a href=\"http:\/\/advokattorgersen.no\/pl\/hjelp-til-a-klage-pa-vedtak-fra-nav\/\">Pomoc w odwo\u0142ywaniu si\u0119 od decyzji NAV<\/a><\/li>\n<li><a href=\"http:\/\/advokattorgersen.no\/pl\/trygderetten\/\">S\u0105d Ubezpiecze\u0144 Spo\u0142ecznych<\/a><\/li>\n<li><a href=\"http:\/\/advokattorgersen.no\/pl\/dekning-av-advokatutgifter-i-nav-sak\/\">Dekning av advokatutgifter i NAV-SAK<\/a><\/li>\n<\/ul>\n<p><\/div><\/div><\/div><\/div><div class=\"wpb_column vc_column_container vc_col-sm-6\"><div class=\"vc_column-inner\"><div class=\"wpb_wrapper\"><\/div><\/div><\/div><\/div><\/div>","protected":false},"excerpt":{"rendered":"Sykepenger Arbeidsavklaringspenger Uf\u00f8retrygd Godkjenning av yrkesskade hos NAV Menerstatning Hjelp til \u00e5 klage p\u00e5 vedtak fra NAV Trygderetten Dekning av advokatutgifter i NAV-SAK","protected":false},"author":1,"featured_media":0,"parent":0,"menu_order":0,"comment_status":"closed","ping_status":"closed","template":"","meta":{"_mi_skip_tracking":false},"yoast_head":"<!-- This site is optimized with the Yoast SEO plugin v19.6.1 - https:\/\/yoast.com\/wordpress\/plugins\/seo\/ -->\n<title>NAV - Advokatfirmaet Torgersen<\/title>\n<meta name=\"robots\" content=\"index, follow, max-snippet:-1, max-image-preview:large, max-video-preview:-1\" \/>\n<link rel=\"canonical\" href=\"http:\/\/advokattorgersen.no\/pl\/nav\/\" \/>\n<meta property=\"og:locale\" content=\"pl_PL\" \/>\n<meta property=\"og:type\" content=\"article\" \/>\n<meta property=\"og:title\" content=\"NAV - Advokatfirmaet Torgersen\" \/>\n<meta property=\"og:url\" content=\"http:\/\/advokattorgersen.no\/pl\/nav\/\" \/>\n<meta property=\"og:site_name\" content=\"Advokatfirmaet Torgersen\" \/>\n<meta property=\"article:publisher\" content=\"https:\/\/www.facebook.com\/advokattorgersen\/\" \/>\n<meta property=\"article:modified_time\" content=\"2018-02-12T14:34:33+00:00\" \/>\n<meta property=\"og:image\" content=\"https:\/\/advokattorgersen.no\/wp-content\/uploads\/2018\/03\/Henlagt-voldtekt-hender1-1.jpg\" \/>\n\t<meta property=\"og:image:width\" content=\"800\" \/>\n\t<meta property=\"og:image:height\" content=\"533\" \/>\n\t<meta property=\"og:image:type\" content=\"image\/jpeg\" \/>\n<meta name=\"twitter:card\" content=\"summary_large_image\" \/>\n<script type=\"application\/ld+json\" class=\"yoast-schema-graph\">{\"@context\":\"https:\/\/schema.org\",\"@graph\":[{\"@type\":\"WebPage\",\"@id\":\"https:\/\/advokattorgersen.no\/nav\/\",\"url\":\"https:\/\/advokattorgersen.no\/nav\/\",\"name\":\"NAV - Advokatfirmaet Torgersen\",\"isPartOf\":{\"@id\":\"https:\/\/advokattorgersen.no\/#website\"},\"datePublished\":\"2018-02-12T10:12:59+00:00\",\"dateModified\":\"2018-02-12T14:34:33+00:00\",\"breadcrumb\":{\"@id\":\"https:\/\/advokattorgersen.no\/nav\/#breadcrumb\"},\"inLanguage\":\"pl-PL\",\"potentialAction\":[{\"@type\":\"ReadAction\",\"target\":[\"https:\/\/advokattorgersen.no\/nav\/\"]}]},{\"@type\":\"BreadcrumbList\",\"@id\":\"https:\/\/advokattorgersen.no\/nav\/#breadcrumb\",\"itemListElement\":[{\"@type\":\"ListItem\",\"position\":1,\"name\":\"Home\",\"item\":\"https:\/\/advokattorgersen.no\/\"},{\"@type\":\"ListItem\",\"position\":2,\"name\":\"NAV\"}]},{\"@type\":\"WebSite\",\"@id\":\"https:\/\/advokattorgersen.no\/#website\",\"url\":\"https:\/\/advokattorgersen.no\/\",\"name\":\"Advokatfirmaet Torgersen\",\"description\":\"\",\"publisher\":{\"@id\":\"https:\/\/advokattorgersen.no\/#organization\"},\"potentialAction\":[{\"@type\":\"SearchAction\",\"target\":{\"@type\":\"EntryPoint\",\"urlTemplate\":\"https:\/\/advokattorgersen.no\/?s={search_term_string}\"},\"query-input\":\"required name=search_term_string\"}],\"inLanguage\":\"pl-PL\"},{\"@type\":\"Organization\",\"@id\":\"https:\/\/advokattorgersen.no\/#organization\",\"name\":\"Advokatfirmaet Torgersen\",\"url\":\"https:\/\/advokattorgersen.no\/\",\"sameAs\":[\"https:\/\/www.linkedin.com\/company\/advokatfirmaet-torgersen\/\",\"https:\/\/www.facebook.com\/advokattorgersen\/\"],\"logo\":{\"@type\":\"ImageObject\",\"inLanguage\":\"pl-PL\",\"@id\":\"https:\/\/advokattorgersen.no\/#\/schema\/logo\/image\/\",\"url\":\"http:\/\/advokattorgersen.no\/wp-content\/uploads\/2017\/11\/advokatfirma-torgersen-logo-2-kopi.png\",\"contentUrl\":\"http:\/\/advokattorgersen.no\/wp-content\/uploads\/2017\/11\/advokatfirma-torgersen-logo-2-kopi.png\",\"width\":500,\"height\":117,\"caption\":\"Advokatfirmaet Torgersen\"},\"image\":{\"@id\":\"https:\/\/advokattorgersen.no\/#\/schema\/logo\/image\/\"}}]}<\/script>\n<!-- \/ Yoast SEO plugin. -->","yoast_head_json":{"title":"NAV - Advokatfirmaet Torgersen","robots":{"index":"index","follow":"follow","max-snippet":"max-snippet:-1","max-image-preview":"max-image-preview:large","max-video-preview":"max-video-preview:-1"},"canonical":"http:\/\/advokattorgersen.no\/pl\/nav\/","og_locale":"pl_PL","og_type":"article","og_title":"NAV - Advokatfirmaet Torgersen","og_url":"http:\/\/advokattorgersen.no\/pl\/nav\/","og_site_name":"Advokatfirmaet Torgersen","article_publisher":"https:\/\/www.facebook.com\/advokattorgersen\/","article_modified_time":"2018-02-12T14:34:33+00:00","og_image":[{"width":800,"height":533,"url":"https:\/\/advokattorgersen.no\/wp-content\/uploads\/2018\/03\/Henlagt-voldtekt-hender1-1.jpg","type":"image\/jpeg"}],"twitter_card":"summary_large_image","schema":{"@context":"https:\/\/schema.org","@graph":[{"@type":"WebPage","@id":"https:\/\/advokattorgersen.no\/nav\/","url":"https:\/\/advokattorgersen.no\/nav\/","name":"NAV - Advokatfirmaet Torgersen","isPartOf":{"@id":"https:\/\/advokattorgersen.no\/#website"},"datePublished":"2018-02-12T10:12:59+00:00","dateModified":"2018-02-12T14:34:33+00:00","breadcrumb":{"@id":"https:\/\/advokattorgersen.no\/nav\/#breadcrumb"},"inLanguage":"pl-PL","potentialAction":[{"@type":"ReadAction","target":["https:\/\/advokattorgersen.no\/nav\/"]}]},{"@type":"BreadcrumbList","@id":"https:\/\/advokattorgersen.no\/nav\/#breadcrumb","itemListElement":[{"@type":"ListItem","position":1,"name":"Home","item":"https:\/\/advokattorgersen.no\/"},{"@type":"ListItem","position":2,"name":"NAV"}]},{"@type":"WebSite","@id":"https:\/\/advokattorgersen.no\/#website","url":"https:\/\/advokattorgersen.no\/","name":"Advokatfirmaet Torgersen","description":"","publisher":{"@id":"https:\/\/advokattorgersen.no\/#organization"},"potentialAction":[{"@type":"SearchAction","target":{"@type":"EntryPoint","urlTemplate":"https:\/\/advokattorgersen.no\/?s={search_term_string}"},"query-input":"required name=search_term_string"}],"inLanguage":"pl-PL"},{"@type":"Organization","@id":"https:\/\/advokattorgersen.no\/#organization","name":"Advokatfirmaet Torgersen","url":"https:\/\/advokattorgersen.no\/","sameAs":["https:\/\/www.linkedin.com\/company\/advokatfirmaet-torgersen\/","https:\/\/www.facebook.com\/advokattorgersen\/"],"logo":{"@type":"ImageObject","inLanguage":"pl-PL","@id":"https:\/\/advokattorgersen.no\/#\/schema\/logo\/image\/","url":"http:\/\/advokattorgersen.no\/wp-content\/uploads\/2017\/11\/advokatfirma-torgersen-logo-2-kopi.png","contentUrl":"http:\/\/advokattorgersen.no\/wp-content\/uploads\/2017\/11\/advokatfirma-torgersen-logo-2-kopi.png","width":500,"height":117,"caption":"Advokatfirmaet Torgersen"},"image":{"@id":"https:\/\/advokattorgersen.no\/#\/schema\/logo\/image\/"}}]}},"_links":{"self":[{"href":"http:\/\/advokattorgersen.no\/pl\/wp-json\/wp\/v2\/pages\/16378"}],"collection":[{"href":"http:\/\/advokattorgersen.no\/pl\/wp-json\/wp\/v2\/pages"}],"about":[{"href":"http:\/\/advokattorgersen.no\/pl\/wp-json\/wp\/v2\/types\/page"}],"author":[{"embeddable":true,"href":"http:\/\/advokattorgersen.no\/pl\/wp-json\/wp\/v2\/users\/1"}],"replies":[{"embeddable":true,"href":"http:\/\/advokattorgersen.no\/pl\/wp-json\/wp\/v2\/comments?post=16378"}],"version-history":[{"count":3,"href":"http:\/\/advokattorgersen.no\/pl\/wp-json\/wp\/v2\/pages\/16378\/revisions"}],"predecessor-version":[{"id":16415,"href":"http:\/\/advokattorgersen.no\/pl\/wp-json\/wp\/v2\/pages\/16378\/revisions\/16415"}],"wp:attachment":[{"href":"http:\/\/advokattorgersen.no\/pl\/wp-json\/wp\/v2\/media?parent=16378"}],"curies":[{"name":"wp","href":"https:\/\/api.w.org\/{rel}","templated":true}]}}