{"id":17071,"date":"2018-09-28T07:06:07","date_gmt":"2018-09-28T07:06:07","guid":{"rendered":"http:\/\/advokattorgersen.no\/?page_id=17071"},"modified":"2021-08-31T15:44:03","modified_gmt":"2021-08-31T15:44:03","slug":"personvernerklaering","status":"publish","type":"page","link":"https:\/\/advokattorgersen.no\/pl\/personvernerklaering\/","title":{"rendered":"O\u015bwiadczenie o ochronie prywatno\u015bci"},"content":{"rendered":"<h2><strong>Behandling av personopplysninger for Advokatfirmaet Torgersen AS<\/strong><\/h2>\n<p>Denne personvernerkl\u00e6ringen forteller deg om hvordan Advokatfirmaet Torgersen AS samler inn og bruker personopplysninger. Her finner du informasjon om hvilke personopplysninger som samles inn, hvorfor vi gj\u00f8r dette og hvilke rettigheter som er knyttet til behandlingen av dine personopplysninger.<\/p>\n<p>Advokatfirmaet Torgersen AS (org. nr 819\u00a0854\u00a0602), ved daglig leder Anette Torgersen, er behandlingsansvarlig for virksomhetens behandling av personopplysninger. Kontaktinformasjonen til Advokatfirmaet Torgersen AS er:<\/p>\n<p>Postadresse: Olav Brunborgs vei 6, 1396 Billingstad.<br \/>\nE-post: at@advokattorgersen.no<br \/>\nTelefon: 98 67 29 29<\/p>\n<p>For sp\u00f8rsm\u00e5l du m\u00e5tte ha om v\u00e5r behandling av personopplysninger kan du kontakte daglig leder Anette Torgersen.<\/p>\n<p><strong>Hvorfor samler vi inn personopplysninger og hva slags informasjon samler vi inn<\/strong><\/p>\n<p>Vi samler inn og bruker dine personopplysninger til ulike form\u00e5l avhengig av hvem du er og hvordan vi kommer i kontakt med deg. Vi samler inn f\u00f8lgende personopplysninger til form\u00e5lene angitt her:<\/p>\n<ol>\n<li><strong>Etablering av klientforhold og administrasjon av klientforholdet<\/strong>. Det behandles i denne forbindelse kontaktinformasjon, dokumentasjon av identitet, betalingsopplysninger mv. Behandlingen skjer p\u00e5 grunnlag av GDPR artikkel 6 (1) bokstav b (behandlingen er n\u00f8dvendig for \u00e5 oppfylle en avtale som den registrerte er part i) for privatklienter, og GDPR artikkel 6 (1) bokstav f (behandlingen er n\u00f8dvendig for form\u00e5l knyttet til berettiget interesse) for kontaktpersoner for selskapsklienter og annet som behandles i tilknytning til selskapsklienter. I tillegg er [Advokatfirmaet] p\u00e5lagt rettslige forpliktelser i forbindelse med etablering av klientforhold som hvitvaskingsloven \u00a7 4 (2) nr. 3, jf. \u00a7\u00a7 17 og 18, og behandler da etter GDPR artikkel 6 (1) c (behandlingen er n\u00f8dvendig for \u00e5 oppfylle en rettslig forpliktelse).<\/li>\n<li><strong>Saksh\u00e5ndtering<\/strong>. Det behandles i denne forbindelse personopplysninger som er n\u00f8dvendige i relasjon til den aktuelle saken. Behandlingen skjer p\u00e5 grunnlag av GDPR artikkel 6 (1) bokstav b (behandlingen er n\u00f8dvendig for \u00e5 oppfylle en avtale som den registrerte er part i) for privatklienter, og GDPR artikkel 6 (1) bokstav f (behandlingen er n\u00f8dvendig for form\u00e5l knyttet til berettiget interesse) for kontaktpersoner for selskapsklienter og annet som behandles i tilknytning til selskapsklienter.<\/li>\n<li><strong>Informasjon om motparter og andre tredjeparter<\/strong>. Det behandles i denne forbindelse personopplysninger som er n\u00f8dvendige i relasjon til den aktuelle saken. Behandlingen skjer p\u00e5 grunnlag av GDPR artikkel 6 (1) bokstav f (behandlingen er n\u00f8dvendig for form\u00e5l knyttet til berettiget interesse). Vi har vurdert det slik at behandlingen er n\u00f8dvendig for \u00e5 l\u00f8se innkomne saker mest mulig effektivt i samsvar med kommersielle hensyn og god advokatskikk. Ved behandling av s\u00e6rlige kategorier av opplysninger har behandlingen rettslig grunnlag i GDPR artikkel 9 (2) bokstav f (fastsette, gj\u00f8re gjeldende eller forsvare rettskrav).<\/li>\n<li><strong>Straffedommer og lovovertredelser<\/strong>. Det behandles i denne forbindelse personopplysninger som er n\u00f8dvendige i relasjon til den aktuelle saken. Behandlingen skjer p\u00e5 grunnlag av GDPR artikkel 9 (2) bokstav f (fastsette, gj\u00f8re gjeldende eller forsvare rettskrav), samt en systembetraktning av straffeprosessloven og reglene for god advokatskikk punkt 2.3.<\/li>\n<li><strong>Lagring\/oppbevaring av saksdokumenter<\/strong>. Det behandles i denne forbindelse personopplysninger som er n\u00f8dvendige i relasjon til den aktuelle saken. Behandlingen skjer p\u00e5 grunnlag av rettslige forpliktelser til arkivering av p\u00e5g\u00e5ende og avsluttede saker.<\/li>\n<li><strong>Fakturering<\/strong>. Det behandles i denne forbindelse kontaktinformasjon og betalingsinformasjon. Behandlingen skjer p\u00e5 grunnlag av GDPR artikkel 6 (1) bokstav b (behandlingen er n\u00f8dvendig for \u00e5 oppfylle en avtale som den registrerte er part i) for privatklienter, og GDPR artikkel 6 (1) bokstav f (behandlingen er n\u00f8dvendig for form\u00e5l knyttet til berettiget interesse) for kontaktpersoner for selskapsklienter.<\/li>\n<li><strong>Utsendelse av markedsf\u00f8ring, nyhetsbrev og annen relevant informasjon<\/strong> om v\u00e5r virksomhet. I denne sammenheng behandles navn, telefonnummer og e-postadresse. Behandlingen skjer p\u00e5 grunnlag av samtykke fra den som mottar markedsf\u00f8ringen etter markedsf\u00f8ringsloven \u00a7 15 som regel privatklient eller kontaktperson hos en virksomhetsklient.<\/li>\n<li><strong>Informasjon om potensielle klienter<\/strong>. I denne forbindelse behandles kontaktinformasjon. Behandlingen skjer p\u00e5 grunnlag av GDPR artikkel 6 (1) bokstav f (behandlingen er n\u00f8dvendig for form\u00e5l knyttet til berettiget interesse). Vi har vurdert det slik at behandlingen er n\u00f8dvendig for \u00e5 ivareta kommersielle hensyn ved v\u00e5r virksomhet.<\/li>\n<li><strong>Kunnskapsforvaltning<\/strong> (f.eks. gjenbruk av dokumenter i senere saker). Personopplysninger som behandles i denne sammenheng er personopplysninger som er n\u00f8dvendige i relasjon til den aktuelle saken. Behandlingen skjer p\u00e5 grunnlag av GDPR artikkel 6 (1) bokstav f (behandlingen er n\u00f8dvendig for form\u00e5l knyttet til berettiget interesse). Vi har vurdert det slik at behandlingen er n\u00f8dvendig for \u00e5 ha interne l\u00e6ringsprosesser og for \u00e5 arbeide mer effektivt.<\/li>\n<li><strong>Rekruttering<\/strong>. I denne sammenheng behandles CV, s\u00f8knad, attester, vitnem\u00e5l, uttalelser fra referanser, interne vurderinger\/intervjureferater, eventuelt personlighetstester og evnetester. Behandling av personopplysninger skjer p\u00e5 grunnlag av en avtale med den som s\u00f8ker stilling hos oss, dvs. GDPR artikkel 6 (1) bokstav b. Dersom vi beholder s\u00f8knadsdokumentasjon etter en rekrutteringsprosess er avsluttet skjer dette p\u00e5 grunnlag av samtykke fra den som s\u00f8ker stillingen, jf. GDPR artikkel 6 (1) bokstav a.<\/li>\n<\/ol>\n<ol start=\"11\">\n<li><strong>Sikkerhet<\/strong>. I denne forbindelse behandles logger p\u00e5 servere, avdekking, oppklaring og oppf\u00f8lgning av sikkerhetshendelser mv. Behandlingen skjer p\u00e5 grunnlag av GDPR artikkel 6 (1) bokstav f (behandlingen er n\u00f8dvendig for form\u00e5l knyttet til berettiget interesse). Vi har vurdert det slik at denne behandlingen er n\u00f8dvendig for \u00e5 ivareta informasjonssikkerhet og hindre uautorisert utlevering av personopplysninger.<\/li>\n<\/ol>\n<p><strong>Utlevering av personopplysninger til andre<\/strong><\/p>\n<p>Vi utleverer eller overf\u00f8rer ikke personopplysningene dine videre til andre med mindre det foreligger et lovlig grunnlag eller p\u00e5legg for slik utlevering. Eksempler p\u00e5 dette vil typisk v\u00e6re rettslig forpliktelser som p\u00e5legger oss \u00e5 gi ut informasjonen til motparter, domstoler eller offentlige organer.<\/p>\n<p>Advokatfirmaet Torgersen AS bruker videre databehandlere til \u00e5 behandle personopplysninger p\u00e5 v\u00e5re vegne. I slike tilfeller har vi inng\u00e5tt avtaler for \u00e5 ivareta informasjonssikkerheten i alle ledd av behandlingen. Vi benytter oss av f\u00f8lgende databehandlere per i dag:<\/p>\n<ul>\n<li>Duett som leverand\u00f8r av IT \u2013 driftstjenester<\/li>\n<\/ul>\n<p>All behandling av personopplysninger som vi foretar skjer innenfor EU\/E\u00d8S-omr\u00e5det.<\/p>\n<p>Lagringstid<\/p>\n<p>Vi lagrer dine personopplysninger hos oss s\u00e5 lenge det er n\u00f8dvendig for det form\u00e5l personopplysningene ble samlet inn for.<\/p>\n<p>Dette betyr for eksempel at personopplysninger som vi behandler p\u00e5 grunnlag av ditt samtykke slettes, hvis du trekker ditt samtykke. Personopplysninger vi behandler for \u00e5 oppfylle en avtale med deg slettes n\u00e5r avtalen er oppfylt og alle plikter som f\u00f8lger av avtaleforholdet er oppfylt. Personopplysninger som vi behandler for \u00e5 oppfylle en rettslig forpliktelse fra myndighetene slettes n\u00e5r lovgrunnlaget bestemmer det. Dette gjelder for eksempel bokf\u00f8rings- og regnskapsregler.<\/p>\n<p>I tabellen under er en oversikt over hvor lenge vi behandler personopplysninger for ulike form\u00e5l:<\/p>\n<table>\n<tbody>\n<tr>\n<td width=\"284\"><strong>Form\u00e5l<\/strong><\/td>\n<td width=\"310\"><strong>Lagringstid<\/strong><\/td>\n<\/tr>\n<tr>\n<td width=\"284\">Klientadministrasjon<\/td>\n<td width=\"310\">Opptil 10 \u00e5r etter avslutning av siste sak<\/td>\n<\/tr>\n<tr>\n<td width=\"284\">Lagring\/oppbevaring av saksdokumenter<\/td>\n<td width=\"310\">Opptil 10 \u00e5r etter avslutning av siste sak<\/td>\n<\/tr>\n<tr>\n<td width=\"284\">Faktureringsinformasjon<\/td>\n<td width=\"310\">Opptil 5 \u00e5r etter utl\u00f8pet av det regnskaps\u00e5r fakturering ble foretatt<\/td>\n<\/tr>\n<tr>\n<td width=\"284\">Informasjon om potensielle klienter<\/td>\n<td width=\"310\">Opptil 5 m\u00e5neder<\/td>\n<\/tr>\n<tr>\n<td width=\"284\">Kunnskapsforvaltning (f.eks. gjenbruk av dokumenter i senere saker).<\/td>\n<td width=\"310\">Opptil 10 \u00e5r<\/td>\n<\/tr>\n<tr>\n<td width=\"284\">Rekruttering<\/td>\n<td width=\"310\">Opptil 3 m\u00e5neder etter utl\u00f8pt s\u00f8knadsfrist. Ved samtykke fra s\u00f8keren lagrer vi CV, s\u00f8knad, attester og vitnem\u00e5l i opptil 2 \u00e5r for bruk i nye, relevante stillingsutlysninger.<\/td>\n<\/tr>\n<tr>\n<td width=\"284\">Sikkerhetslogger<\/td>\n<td width=\"310\">Opptil 1 \u00e5r<\/td>\n<\/tr>\n<tr>\n<td width=\"284\">Sikkerhetskopier (backup)<\/td>\n<td width=\"310\">Opptil 3 \u00e5r<\/td>\n<\/tr>\n<\/tbody>\n<\/table>\n<p><strong>Dine rettigheter n\u00e5r vi behandler personopplysninger om deg<\/strong><\/p>\n<p>Du har rett til \u00e5 kreve innsyn, retting eller sletting av personopplysningene vi behandler om deg. Du har videre rett til \u00e5 kreve begrenset behandling og p\u00e5 visse vilk\u00e5r rette innsigelse mot behandlingen. Du kan lese mer om disse rettighetene p\u00e5 Datatilsynets nettside: <u><a href=\"http:\/\/www.datatilsynet.no\">www.datatilsynet.no<\/a><\/u>.<\/p>\n<p>For \u00e5 ta i bruk dine rettigheter m\u00e5 du ta kontakt med oss p\u00e5 e-post eller telefon. Vi vil svare p\u00e5 din henvendelse s\u00e5 fort som mulig, og senest innen 30 dager. Vi vil be deg om \u00e5 bekrefte identiteten din eller \u00e5 oppgi ytterligere informasjon f\u00f8r vi lar deg ta i bruk dine rettigheter overfor oss. Dette gj\u00f8r vi for \u00e5 v\u00e6re sikre p\u00e5 at vi kun gir tilgang til dine personopplysninger til deg &#8211; og ikke noen som gir seg ut for \u00e5 v\u00e6re deg.<\/p>\n<p>Du kan til enhver tid trekke tilbake ditt samtykke for behandling av personopplysninger hos oss. Den enkleste m\u00e5ten \u00e5 gj\u00f8re dette p\u00e5 er \u00e5 melde deg av nyhetsbrevet ved \u00e5 f\u00f8lge avmeldingslenken i hver nyhetsbrev. Du kan ogs\u00e5 ta kontakt med oss p\u00e5 e-post eller telefon.<\/p>\n<p><strong>Klager<\/strong><\/p>\n<p>Dersom du mener at v\u00e5r behandling av personopplysninger ikke stemmer med det vi har beskrevet her eller at vi p\u00e5 andre m\u00e5ter bryter personvernlovgivningen, s\u00e5 kan du klage til Datatilsynet. Du finner informasjon om hvordan kontakte Datatilsynet p\u00e5 Datatilsynets nettsider: <u><a href=\"http:\/\/www.datatilsynet.no\">www.datatilsynet.no<\/a><\/u>.<\/p>\n<p><strong>Endringer<\/strong><\/p>\n<p>Hvis det skulle skje endring av v\u00e5re tjenester eller endringer i regelverket om behandling av personopplysninger, kan det medf\u00f8re forandring i informasjonen du er gitt her. Hvis vi har dine kontaktopplysninger vil vi gj\u00f8re deg oppmerksom p\u00e5 disse forandringene. I tillegg vil oppdatert informasjon alltid finnes lett tilgjengelig p\u00e5 v\u00e5r nettside.<\/p>","protected":false},"excerpt":{"rendered":"<p>Behandling av personopplysninger for Advokatfirmaet Torgersen AS Denne personvernerkl\u00e6ringen forteller deg om hvordan Advokatfirmaet Torgersen AS samler inn og bruker personopplysninger. Her finner du informasjon om hvilke personopplysninger som samles inn, hvorfor vi gj\u00f8r dette og hvilke rettigheter som er knyttet til behandlingen av dine personopplysninger. Advokatfirmaet Torgersen AS (org. nr 819\u00a0854\u00a0602), ved daglig leder Anette Torgersen, er behandlingsansvarlig for virksomhetens behandling av personopplysninger. Kontaktinformasjonen til Advokatfirmaet Torgersen AS er: Postadresse: Olav Brunborgs vei 6, 1396 Billingstad. E-post: at@advokattorgersen.no Telefon: 98 67 29 29 For sp\u00f8rsm\u00e5l du m\u00e5tte ha om v\u00e5r behandling av personopplysninger kan du kontakte daglig leder Anette Torgersen. Hvorfor samler vi inn personopplysninger og hva slags informasjon samler vi inn Vi samler inn og bruker dine personopplysninger til ulike form\u00e5l avhengig av hvem du er og hvordan vi kommer i kontakt med deg. Vi samler inn f\u00f8lgende personopplysninger til form\u00e5lene angitt her: Etablering av klientforhold og administrasjon av klientforholdet. Det behandles i denne forbindelse kontaktinformasjon, dokumentasjon av identitet, betalingsopplysninger mv. Behandlingen skjer p\u00e5 grunnlag av GDPR artikkel 6 (1) bokstav b (behandlingen er n\u00f8dvendig for \u00e5 oppfylle en avtale som den registrerte er part i) for privatklienter, og GDPR artikkel 6 (1) bokstav f (behandlingen er n\u00f8dvendig&#8230;<\/p>","protected":false},"author":1,"featured_media":0,"parent":0,"menu_order":0,"comment_status":"closed","ping_status":"closed","template":"","meta":{"_mi_skip_tracking":false},"yoast_head":"<!-- This site is optimized with the Yoast SEO plugin v19.6.1 - https:\/\/yoast.com\/wordpress\/plugins\/seo\/ -->\n<title>Personvernerkl\u00e6ring - Advokatfirmaet Torgersen<\/title>\n<meta name=\"robots\" content=\"index, follow, max-snippet:-1, max-image-preview:large, max-video-preview:-1\" \/>\n<link rel=\"canonical\" href=\"https:\/\/advokattorgersen.no\/pl\/personvernerklaering\/\" \/>\n<meta property=\"og:locale\" content=\"pl_PL\" \/>\n<meta property=\"og:type\" content=\"article\" \/>\n<meta property=\"og:title\" content=\"Personvernerkl\u00e6ring - Advokatfirmaet Torgersen\" \/>\n<meta property=\"og:description\" content=\"Behandling av personopplysninger for Advokatfirmaet Torgersen AS Denne personvernerkl\u00e6ringen forteller deg om hvordan Advokatfirmaet Torgersen AS samler inn og bruker personopplysninger. Her finner du informasjon om hvilke personopplysninger som samles inn, hvorfor vi gj\u00f8r dette og hvilke rettigheter som er knyttet til behandlingen av dine personopplysninger. Advokatfirmaet Torgersen AS (org. nr 819\u00a0854\u00a0602), ved daglig leder Anette Torgersen, er behandlingsansvarlig for virksomhetens behandling av personopplysninger. Kontaktinformasjonen til Advokatfirmaet Torgersen AS er: Postadresse: Olav Brunborgs vei 6, 1396 Billingstad. E-post: at@advokattorgersen.no Telefon: 98 67 29 29 For sp\u00f8rsm\u00e5l du m\u00e5tte ha om v\u00e5r behandling av personopplysninger kan du kontakte daglig leder Anette Torgersen. Hvorfor samler vi inn personopplysninger og hva slags informasjon samler vi inn Vi samler inn og bruker dine personopplysninger til ulike form\u00e5l avhengig av hvem du er og hvordan vi kommer i kontakt med deg. Vi samler inn f\u00f8lgende personopplysninger til form\u00e5lene angitt her: Etablering av klientforhold og administrasjon av klientforholdet. Det behandles i denne forbindelse kontaktinformasjon, dokumentasjon av identitet, betalingsopplysninger mv. Behandlingen skjer p\u00e5 grunnlag av GDPR artikkel 6 (1) bokstav b (behandlingen er n\u00f8dvendig for \u00e5 oppfylle en avtale som den registrerte er part i) for privatklienter, og GDPR artikkel 6 (1) bokstav f (behandlingen er n\u00f8dvendig...\" \/>\n<meta property=\"og:url\" content=\"https:\/\/advokattorgersen.no\/pl\/personvernerklaering\/\" \/>\n<meta property=\"og:site_name\" content=\"Advokatfirmaet Torgersen\" \/>\n<meta property=\"article:publisher\" content=\"https:\/\/www.facebook.com\/advokattorgersen\/\" \/>\n<meta property=\"article:modified_time\" content=\"2021-08-31T15:44:03+00:00\" \/>\n<meta property=\"og:image\" content=\"https:\/\/advokattorgersen.no\/wp-content\/uploads\/2018\/03\/Henlagt-voldtekt-hender1-1.jpg\" \/>\n\t<meta property=\"og:image:width\" content=\"800\" \/>\n\t<meta property=\"og:image:height\" content=\"533\" \/>\n\t<meta property=\"og:image:type\" content=\"image\/jpeg\" \/>\n<meta name=\"twitter:card\" content=\"summary_large_image\" \/>\n<meta name=\"twitter:label1\" content=\"Szacowany czas czytania\" \/>\n\t<meta name=\"twitter:data1\" content=\"7 minut\" \/>\n<script type=\"application\/ld+json\" class=\"yoast-schema-graph\">{\"@context\":\"https:\/\/schema.org\",\"@graph\":[{\"@type\":\"WebPage\",\"@id\":\"https:\/\/advokattorgersen.no\/personvernerklaering\/\",\"url\":\"https:\/\/advokattorgersen.no\/personvernerklaering\/\",\"name\":\"Personvernerkl\u00e6ring - Advokatfirmaet Torgersen\",\"isPartOf\":{\"@id\":\"https:\/\/advokattorgersen.no\/#website\"},\"datePublished\":\"2018-09-28T07:06:07+00:00\",\"dateModified\":\"2021-08-31T15:44:03+00:00\",\"breadcrumb\":{\"@id\":\"https:\/\/advokattorgersen.no\/personvernerklaering\/#breadcrumb\"},\"inLanguage\":\"pl-PL\",\"potentialAction\":[{\"@type\":\"ReadAction\",\"target\":[\"https:\/\/advokattorgersen.no\/personvernerklaering\/\"]}]},{\"@type\":\"BreadcrumbList\",\"@id\":\"https:\/\/advokattorgersen.no\/personvernerklaering\/#breadcrumb\",\"itemListElement\":[{\"@type\":\"ListItem\",\"position\":1,\"name\":\"Home\",\"item\":\"https:\/\/advokattorgersen.no\/\"},{\"@type\":\"ListItem\",\"position\":2,\"name\":\"Personvernerkl\u00e6ring\"}]},{\"@type\":\"WebSite\",\"@id\":\"https:\/\/advokattorgersen.no\/#website\",\"url\":\"https:\/\/advokattorgersen.no\/\",\"name\":\"Advokatfirmaet Torgersen\",\"description\":\"\",\"publisher\":{\"@id\":\"https:\/\/advokattorgersen.no\/#organization\"},\"potentialAction\":[{\"@type\":\"SearchAction\",\"target\":{\"@type\":\"EntryPoint\",\"urlTemplate\":\"https:\/\/advokattorgersen.no\/?s={search_term_string}\"},\"query-input\":\"required name=search_term_string\"}],\"inLanguage\":\"pl-PL\"},{\"@type\":\"Organization\",\"@id\":\"https:\/\/advokattorgersen.no\/#organization\",\"name\":\"Advokatfirmaet Torgersen\",\"url\":\"https:\/\/advokattorgersen.no\/\",\"sameAs\":[\"https:\/\/www.linkedin.com\/company\/advokatfirmaet-torgersen\/\",\"https:\/\/www.facebook.com\/advokattorgersen\/\"],\"logo\":{\"@type\":\"ImageObject\",\"inLanguage\":\"pl-PL\",\"@id\":\"https:\/\/advokattorgersen.no\/#\/schema\/logo\/image\/\",\"url\":\"http:\/\/advokattorgersen.no\/wp-content\/uploads\/2017\/11\/advokatfirma-torgersen-logo-2-kopi.png\",\"contentUrl\":\"http:\/\/advokattorgersen.no\/wp-content\/uploads\/2017\/11\/advokatfirma-torgersen-logo-2-kopi.png\",\"width\":500,\"height\":117,\"caption\":\"Advokatfirmaet Torgersen\"},\"image\":{\"@id\":\"https:\/\/advokattorgersen.no\/#\/schema\/logo\/image\/\"}}]}<\/script>\n<!-- \/ Yoast SEO plugin. -->","yoast_head_json":{"title":"Personvernerkl\u00e6ring - Advokatfirmaet Torgersen","robots":{"index":"index","follow":"follow","max-snippet":"max-snippet:-1","max-image-preview":"max-image-preview:large","max-video-preview":"max-video-preview:-1"},"canonical":"https:\/\/advokattorgersen.no\/pl\/personvernerklaering\/","og_locale":"pl_PL","og_type":"article","og_title":"Personvernerkl\u00e6ring - Advokatfirmaet Torgersen","og_description":"Behandling av personopplysninger for Advokatfirmaet Torgersen AS Denne personvernerkl\u00e6ringen forteller deg om hvordan Advokatfirmaet Torgersen AS samler inn og bruker personopplysninger. Her finner du informasjon om hvilke personopplysninger som samles inn, hvorfor vi gj\u00f8r dette og hvilke rettigheter som er knyttet til behandlingen av dine personopplysninger. Advokatfirmaet Torgersen AS (org. nr 819\u00a0854\u00a0602), ved daglig leder Anette Torgersen, er behandlingsansvarlig for virksomhetens behandling av personopplysninger. Kontaktinformasjonen til Advokatfirmaet Torgersen AS er: Postadresse: Olav Brunborgs vei 6, 1396 Billingstad. E-post: at@advokattorgersen.no Telefon: 98 67 29 29 For sp\u00f8rsm\u00e5l du m\u00e5tte ha om v\u00e5r behandling av personopplysninger kan du kontakte daglig leder Anette Torgersen. Hvorfor samler vi inn personopplysninger og hva slags informasjon samler vi inn Vi samler inn og bruker dine personopplysninger til ulike form\u00e5l avhengig av hvem du er og hvordan vi kommer i kontakt med deg. Vi samler inn f\u00f8lgende personopplysninger til form\u00e5lene angitt her: Etablering av klientforhold og administrasjon av klientforholdet. Det behandles i denne forbindelse kontaktinformasjon, dokumentasjon av identitet, betalingsopplysninger mv. Behandlingen skjer p\u00e5 grunnlag av GDPR artikkel 6 (1) bokstav b (behandlingen er n\u00f8dvendig for \u00e5 oppfylle en avtale som den registrerte er part i) for privatklienter, og GDPR artikkel 6 (1) bokstav f (behandlingen er n\u00f8dvendig...","og_url":"https:\/\/advokattorgersen.no\/pl\/personvernerklaering\/","og_site_name":"Advokatfirmaet Torgersen","article_publisher":"https:\/\/www.facebook.com\/advokattorgersen\/","article_modified_time":"2021-08-31T15:44:03+00:00","og_image":[{"width":800,"height":533,"url":"https:\/\/advokattorgersen.no\/wp-content\/uploads\/2018\/03\/Henlagt-voldtekt-hender1-1.jpg","type":"image\/jpeg"}],"twitter_card":"summary_large_image","twitter_misc":{"Szacowany czas czytania":"7 minut"},"schema":{"@context":"https:\/\/schema.org","@graph":[{"@type":"WebPage","@id":"https:\/\/advokattorgersen.no\/personvernerklaering\/","url":"https:\/\/advokattorgersen.no\/personvernerklaering\/","name":"Personvernerkl\u00e6ring - Advokatfirmaet Torgersen","isPartOf":{"@id":"https:\/\/advokattorgersen.no\/#website"},"datePublished":"2018-09-28T07:06:07+00:00","dateModified":"2021-08-31T15:44:03+00:00","breadcrumb":{"@id":"https:\/\/advokattorgersen.no\/personvernerklaering\/#breadcrumb"},"inLanguage":"pl-PL","potentialAction":[{"@type":"ReadAction","target":["https:\/\/advokattorgersen.no\/personvernerklaering\/"]}]},{"@type":"BreadcrumbList","@id":"https:\/\/advokattorgersen.no\/personvernerklaering\/#breadcrumb","itemListElement":[{"@type":"ListItem","position":1,"name":"Home","item":"https:\/\/advokattorgersen.no\/"},{"@type":"ListItem","position":2,"name":"Personvernerkl\u00e6ring"}]},{"@type":"WebSite","@id":"https:\/\/advokattorgersen.no\/#website","url":"https:\/\/advokattorgersen.no\/","name":"Advokatfirmaet Torgersen","description":"","publisher":{"@id":"https:\/\/advokattorgersen.no\/#organization"},"potentialAction":[{"@type":"SearchAction","target":{"@type":"EntryPoint","urlTemplate":"https:\/\/advokattorgersen.no\/?s={search_term_string}"},"query-input":"required name=search_term_string"}],"inLanguage":"pl-PL"},{"@type":"Organization","@id":"https:\/\/advokattorgersen.no\/#organization","name":"Advokatfirmaet Torgersen","url":"https:\/\/advokattorgersen.no\/","sameAs":["https:\/\/www.linkedin.com\/company\/advokatfirmaet-torgersen\/","https:\/\/www.facebook.com\/advokattorgersen\/"],"logo":{"@type":"ImageObject","inLanguage":"pl-PL","@id":"https:\/\/advokattorgersen.no\/#\/schema\/logo\/image\/","url":"http:\/\/advokattorgersen.no\/wp-content\/uploads\/2017\/11\/advokatfirma-torgersen-logo-2-kopi.png","contentUrl":"http:\/\/advokattorgersen.no\/wp-content\/uploads\/2017\/11\/advokatfirma-torgersen-logo-2-kopi.png","width":500,"height":117,"caption":"Advokatfirmaet Torgersen"},"image":{"@id":"https:\/\/advokattorgersen.no\/#\/schema\/logo\/image\/"}}]}},"_links":{"self":[{"href":"https:\/\/advokattorgersen.no\/pl\/wp-json\/wp\/v2\/pages\/17071"}],"collection":[{"href":"https:\/\/advokattorgersen.no\/pl\/wp-json\/wp\/v2\/pages"}],"about":[{"href":"https:\/\/advokattorgersen.no\/pl\/wp-json\/wp\/v2\/types\/page"}],"author":[{"embeddable":true,"href":"https:\/\/advokattorgersen.no\/pl\/wp-json\/wp\/v2\/users\/1"}],"replies":[{"embeddable":true,"href":"https:\/\/advokattorgersen.no\/pl\/wp-json\/wp\/v2\/comments?post=17071"}],"version-history":[{"count":6,"href":"https:\/\/advokattorgersen.no\/pl\/wp-json\/wp\/v2\/pages\/17071\/revisions"}],"predecessor-version":[{"id":17375,"href":"https:\/\/advokattorgersen.no\/pl\/wp-json\/wp\/v2\/pages\/17071\/revisions\/17375"}],"wp:attachment":[{"href":"https:\/\/advokattorgersen.no\/pl\/wp-json\/wp\/v2\/media?parent=17071"}],"curies":[{"name":"wp","href":"https:\/\/api.w.org\/{rel}","templated":true}]}}